{"id":8245,"date":"2017-08-30T11:19:52","date_gmt":"2017-08-30T09:19:52","guid":{"rendered":"http:\/\/relaunch.dr-wessolly.de\/?page_id=8245\/"},"modified":"2021-02-25T14:33:54","modified_gmt":"2021-02-25T13:33:54","slug":"imprint","status":"publish","type":"page","link":"https:\/\/www.praxisklinik-schlosspark.com\/en\/imprint\/","title":{"rendered":"Imprint"},"content":{"rendered":"<div class=\"row \"><div class=\"wpv-grid grid-1-2  wpv-first-level first unextended\" style=\"padding-top:0px;padding-bottom:0px\" id=\"wpv-column-b55b39dc36ead1fb96353cb28f4a4f11\" ><p>PRAXISKLINIK AM SCHLOSSPARK<br \/>\nZENTRUM F\u00dcR GANZHEITLICHE MEDIZIN<br \/>\nDr. med. Johannes Wessolly<br \/>\nStuttgarter Stra\u00dfe 35<br \/>\n71638 Ludwigsburg<br \/>\nDeutschland<\/p>\n<p>Telefon: <a href=\"tel:+4971416428812\">+49 (0)71 41 \/ 642 88-12<\/a><br \/>\nTelefax: +49 (0)71 41 \/ 642 88-11<br \/>\nE-Mail: <a href=\"mailto:info@praxisklinik-schlosspark.com\">info@praxisklinik-schlosspark.com<\/a><\/div>\n<div class=\"wpv-grid grid-1-2  wpv-first-level unextended\" style=\"padding-top:0px;padding-bottom:0px\" id=\"wpv-column-af10e871757709fabbc65a10c7347a5f\" ><p>Kammerzugeh\u00f6rigkeit:<br \/>\nLandes\u00e4rztekammer Baden-W\u00fcrttemberg<br \/>\nJahnstra\u00dfe 40<br \/>\n70597 Stuttgart<br \/>\nTelefon: 0711 &#8211; 769 89 0<br \/>\nTelefax: 0711 &#8211; 769 89 50<br \/>\n<a href=\"http:\/\/www.aerztekammer-bw.de\" target=\"_blank\" rel=\"noopener\">www.aerztekammer-bw.de<\/a><\/div><\/div>\n<div class=\"sep\"><\/div>\n<div class=\"row \"><div class=\"wpv-grid grid-1-2  wpv-first-level first unextended\" style=\"padding-top:0px;padding-bottom:0px\" id=\"wpv-column-6573f59006d31c4660c58f82faa139f3\" ><p>Aufsichtsbeh\u00f6rde:<br \/>\nLandes\u00e4rztekammer Baden-W\u00fcrttemberg<br \/>\nJahnstra\u00dfe 40<br \/>\n70597 Stuttgart<br \/>\nTelefon: 0711 &#8211; 769 89 0<br \/>\nTelefax: 0711 &#8211; 769 89 50<br \/>\n<a href=\"http:\/\/www.aerztekammer-bw.de\" target=\"_blank\" rel=\"noopener\">www.aerztekammer-bw.de<\/a><\/div>\n<div class=\"wpv-grid grid-1-2  wpv-first-level unextended\" style=\"padding-top:0px;padding-bottom:0px\" id=\"wpv-column-c80304539fb8009a3486256e2e3f775a\" ><p>Berufsbezeichnung:<br \/>\nArzt, verliehen in: Deutschland<\/p>\n<p>Berufsrechtliche Regelungen:<br \/>\nBerufsordnung der<br \/>\nLandes\u00e4rztekammer Baden-W\u00fcrttemberg<br \/>\n<a href=\"http:\/\/www.aerztekammer-bw.de\" target=\"_blank\" rel=\"noopener\">www.aerztekammer-bw.de<\/a><\/div><\/div>\n<div class=\"sep\"><\/div>\n<h2>Haftung<\/h2>\n<p>Der Betreiber der Website \u00fcbernimmt keinerlei Gew\u00e4hr f\u00fcr die Aktualit\u00e4t, Korrektheit, Vollst\u00e4ndigkeit oder Qualit\u00e4t der bereitgestellten Informationen. Haftungsanspr\u00fcche gegen den Betreiber der Website, welche sich auf Sch\u00e4den materieller oder ideeller Art beziehen, die durch die Nutzung oder Nichtnutzung der dargebotenen Informationen bzw. durch die Nutzung fehlerhafter und unvollst\u00e4ndiger Informationen verursacht wurden, sind grunds\u00e4tzlich ausgeschlossen, sofern seitens des Betreibers kein nachweislich vors\u00e4tzliches oder grob fahrl\u00e4ssiges Verschulden vorliegt. Alle Angebote sind freibleibend und unverbindlich. Der Betreiber der Website beh\u00e4lt es sich ausdr\u00fccklich vor, Teile der Seiten oder das gesamte Angebot ohne gesonderte Ank\u00fcndigung zu ver\u00e4ndern, zu erg\u00e4nzen, zu l\u00f6schen oder die Ver\u00f6ffentlichung zeitweise oder endg\u00fcltig einzustellen.<\/p>\n<div class=\"sep\"><\/div>\n<h2>Copyright<\/h2>\n<p>Der Betreiber der Website beh\u00e4lt sich das Copyright vor an Layout, allen Fotos, Grafiken und Logos der eigenen Veranstaltungen, die in diesem Internet-Auftritt benutzt bzw. ver\u00f6ffentlicht werden (es sei denn, es wird speziell auf ein externes Copyright hingewiesen). Das Kopieren, Downloaden, Vervielf\u00e4ltigen, Nutzen oder Verbreiten dieser Inhalte ist grunds\u00e4tzlich nur mit Genehmigung des Herausgebers zul\u00e4ssig.<\/p>\n<div class=\"sep\"><\/div>\n<h2>Bildnachweis<\/h2>\n<p>Susanne Asenkerschbaumer, Berlin; Klaus Obermaier, N\u00fcrnberg; Shutterstock<\/p>\n<div class=\"sep\"><\/div>\n<h2>Links<\/h2>\n<p>Die in diesem Internetangebot angebrachten Links zu Fremdangeboten, d.h. allen Angeboten, die nicht im Verantwortungsbereich des Betreibers der Website ver\u00f6ffentlicht werden, sind lediglich zum Zeitpunkt der Verlinkung auf deren Inhalte \u00fcberpr\u00fcft worden. Sollten Seiten eines externen Internetauftrittes, der durch diesen Internetauftritt zu erreichen ist, in irgendeiner Weise gegen geltendes Recht versto\u00dfen, distanziert sich der Betreiber der Website in aller Form davon und kann keinerlei Verantwortung daf\u00fcr \u00fcbernehmen.<\/p>\n<div class=\"sep\"><\/div>\n<h2>Rechtswirksamkeit<\/h2>\n<p>Der Haftungsausschluss sowie die Bestimmungen zum Urheber- und Kennzeichenrecht sowie dem Datenschutz sind als Teil des Internetangebotes zu betrachten, von dem aus auf diese Seite verwiesen wurde. Sofern Teile oder einzelne Formulierungen der oben n\u00e4her bezeichneten Regelungen der geltenden Rechtslage nicht, nicht mehr oder nicht vollst\u00e4ndig entsprechen sollten, bleiben die \u00fcbrigen Bestimmungen in ihrem Inhalt und ihrer G\u00fcltigkeit davon unber\u00fchrt.<\/p>\n","protected":false},"excerpt":{"rendered":"<p>PRAXISKLINIK AM SCHLOSSPARK ZENTRUM F\u00dcR GANZHEITLICHE MEDIZIN Dr. med. Johannes Wessolly Stuttgarter Stra\u00dfe 35 71638 Ludwigsburg Deutschland Telefon: +49 (0)71 41 \/ 642 88-12 Telefax: +49 (0)71 41 \/ 642 88-11 E-Mail: info@praxisklinik-schlosspark.com Kammerzugeh\u00f6rigkeit: Landes\u00e4rztekammer Baden-W\u00fcrttemberg Jahnstra\u00dfe 40 70597 Stuttgart Telefon: 0711 &#8211; 769 89 0 Telefax: 0711 &#8211; 769 89 50 www.aerztekammer-bw.de Aufsichtsbeh\u00f6rde: Landes\u00e4rztekammer&#8230;<\/p>\n","protected":false},"author":3,"featured_media":0,"parent":0,"menu_order":19,"comment_status":"closed","ping_status":"closed","template":"","meta":{"footnotes":""},"class_list":["post-8245","page","type-page","status-publish"],"_links":{"self":[{"href":"https:\/\/www.praxisklinik-schlosspark.com\/en\/wp-json\/wp\/v2\/pages\/8245","targetHints":{"allow":["GET"]}}],"collection":[{"href":"https:\/\/www.praxisklinik-schlosspark.com\/en\/wp-json\/wp\/v2\/pages"}],"about":[{"href":"https:\/\/www.praxisklinik-schlosspark.com\/en\/wp-json\/wp\/v2\/types\/page"}],"author":[{"embeddable":true,"href":"https:\/\/www.praxisklinik-schlosspark.com\/en\/wp-json\/wp\/v2\/users\/3"}],"replies":[{"embeddable":true,"href":"https:\/\/www.praxisklinik-schlosspark.com\/en\/wp-json\/wp\/v2\/comments?post=8245"}],"version-history":[{"count":0,"href":"https:\/\/www.praxisklinik-schlosspark.com\/en\/wp-json\/wp\/v2\/pages\/8245\/revisions"}],"wp:attachment":[{"href":"https:\/\/www.praxisklinik-schlosspark.com\/en\/wp-json\/wp\/v2\/media?parent=8245"}],"curies":[{"name":"wp","href":"https:\/\/api.w.org\/{rel}","templated":true}]}}